{"id":59,"date":"2020-11-03T09:32:19","date_gmt":"2020-11-03T07:32:19","guid":{"rendered":"https:\/\/www.auto-lg.fi\/etusivu-2\/"},"modified":"2021-02-04T10:58:50","modified_gmt":"2021-02-04T08:58:50","slug":"etusivu-2","status":"publish","type":"page","link":"https:\/\/www.auto-lg.fi\/fi\/","title":{"rendered":"Etusivu"},"content":{"rendered":"<p>Autokierr\u00e4tys L&amp;G on Pohjois-Satakunnassa Kankaanp\u00e4\u00e4ss\u00e4 sijaitseva autopurkaamo. Kauttamme l\u00f6yd\u00e4t kattavan valikoiman varaosia. Toimimme yhteisty\u00f6ss\u00e4 <a href=\"https:\/\/www.autojenkolarikorjaus.fi\/\" target=\"_blank\" rel=\"noreferrer noopener\">Kolarikorjaus P. Gullansin<\/a> kanssa ja tarvittaessa j\u00e4rjest\u00e4mme my\u00f6s erilaiset korjaukset, tuulilasien vaihdot yms. <\/p>\n\n\n\n<p>Kansainv\u00e4lisille asiakkaillemme osamme on listattu <a rel=\"noreferrer noopener\" href=\"https:\/\/rrr.lt\/en\/search?sh=502\" target=\"_blank\">RRR.lt<\/a> -osoitteessa (toistaiseksi l\u00e4hinn\u00e4 s\u00e4hk\u00f6autojen osat).<\/p>\n\n\n\n<p>Kaikki osamme on listattu <a rel=\"noreferrer noopener\" href=\"https:\/\/www.autopurkaamot.com\/autopurkaamo.php?q=autokierratyslg\" target=\"_blank\">autopurkaamot.com<\/a> -sivustolla, josta l\u00f6ytyy my\u00f6s verkkokauppamahdollisuus. <\/p>\n\n\n\n<p><\/p>","protected":false},"excerpt":{"rendered":"<p>Autokierr\u00e4tys L&amp;G Oy is a car dismantling and recycling company from Western Finland. We work together with Kolarikorjaus P. Gullans and we can help and collision repair, wind screen repair and other maintenance if needed. For international customers our parts for sale are listed at RRR.lt (currently mainly Tesla and&#8230;<\/p>","protected":false},"author":1,"featured_media":0,"parent":0,"menu_order":0,"comment_status":"closed","ping_status":"closed","template":"","meta":[],"_links":{"self":[{"href":"https:\/\/www.auto-lg.fi\/fi\/wp-json\/wp\/v2\/pages\/59"}],"collection":[{"href":"https:\/\/www.auto-lg.fi\/fi\/wp-json\/wp\/v2\/pages"}],"about":[{"href":"https:\/\/www.auto-lg.fi\/fi\/wp-json\/wp\/v2\/types\/page"}],"author":[{"embeddable":true,"href":"https:\/\/www.auto-lg.fi\/fi\/wp-json\/wp\/v2\/users\/1"}],"replies":[{"embeddable":true,"href":"https:\/\/www.auto-lg.fi\/fi\/wp-json\/wp\/v2\/comments?post=59"}],"version-history":[{"count":13,"href":"https:\/\/www.auto-lg.fi\/fi\/wp-json\/wp\/v2\/pages\/59\/revisions"}],"predecessor-version":[{"id":171,"href":"https:\/\/www.auto-lg.fi\/fi\/wp-json\/wp\/v2\/pages\/59\/revisions\/171"}],"wp:attachment":[{"href":"https:\/\/www.auto-lg.fi\/fi\/wp-json\/wp\/v2\/media?parent=59"}],"curies":[{"name":"wp","href":"https:\/\/api.w.org\/{rel}","templated":true}]}}